{"id":5556,"date":"2018-10-31T15:34:37","date_gmt":"2018-10-31T14:34:37","guid":{"rendered":"https:\/\/bocanskechalupky.sk\/okolie\/"},"modified":"2019-03-03T12:21:01","modified_gmt":"2019-03-03T11:21:01","slug":"surroundings","status":"publish","type":"page","link":"https:\/\/bocanskechalupky.sk\/en\/surroundings\/","title":{"rendered":"Surroundings"},"content":{"rendered":"<p>[vc_row row_content_width=&#8221;grid&#8221; content_text_aligment=&#8221;center&#8221;][vc_column][vc_empty_space height=&#8221;20px&#8221;][vc_column_text]<\/p>\n<p style=\"text-align: justify;\">The small mining mountain village Vy\u0161n\u00e1 Boca is a picturesque village, almost exclusively consisting of wooden cottages and chalets. Because of little inhabitation, village will satisfy tourists looking for peace and calm in the loneliness of nature, while enjoying the benefits of civilization (restaurants, ski slopes, cozy non-smoking pub \u201cKr\u010dma u Be\u0165\u00e1ra\u201d).<\/p>\n<p style=\"text-align: justify;\">The dominant feature of the village is the sacral cultural monument &#8211; <u>the Evangelical Church <\/u>from 1785.<br \/>\nIn the centre of the village behind the church there is a mineral spring \u201c<u>Kyselka<\/u>\u201d with delicate mild sulfuric and iron water, which best extinguishes thirst during hot summer days. Close to the \u201cKyselka\u201d there is <u>Salvator Mining Galley<\/u>, which will take you into the history of this mining village and reveal its mysteries.<\/p>\n<p style=\"text-align: justify;\">During the weekends, the local blacksmith bids a heart, a key or a horseshoe for your happiness.<\/p>\n<p style=\"text-align: justify;\">Those interested in history will surely appreciate the museum \u201c<u>Ban\u00edk house<\/u>\u201d, which will bring you in the way of life of the first inhabitants of Vy\u0161n\u00e1 Boca, <u>Museum of the Liptov Village<\/u> located nearby in Pribylina or <u>Ruins of the castle and a manor in Liptovsk\u00fd Hr\u00e1dok<\/u> with pleasant walk around the pond.<\/p>\n<p style=\"text-align: justify;\"><strong>We recommend skiing in nearby ski resorts:<\/strong><\/p>\n<ul style=\"text-align: justify;\">\n<li style=\"text-align: justify;\">Ski Center Ba\u010dova Rove\u0148 (only 250 m from the accommodation)<\/li>\n<li style=\"text-align: justify;\">Ski resort STIV \u010certovica 4.7 km,<\/li>\n<li style=\"text-align: justify;\">M\u00fdto Ski Center (M\u00fdto pod \u010eumbierom) 19.5 km,<\/li>\n<li style=\"text-align: justify;\">Ski T\u00e1le 24 km,<\/li>\n<li style=\"text-align: justify;\">Ski Opalisko (Liptovsk\u00fd J\u00e1n) 29,6 km,<\/li>\n<li style=\"text-align: justify;\">Jasn\u00e1 Z\u00e1hradky 44.4 km,<\/li>\n<li style=\"text-align: justify;\">Jasn\u00e1 Chopok Juh (T\u00e1le) 31,6 km,<\/li>\n<li style=\"text-align: justify;\">Jasn\u00e1 Chopok Sever 45.7 km.<\/li>\n<\/ul>\n<p style=\"text-align: justify;\"><strong>Tourists definitely do away with one of their goals:<\/strong><\/p>\n<ul style=\"text-align: justify;\">\n<li style=\"text-align: justify;\">for the smallest is the ideal hiking trail to Ni\u017en\u00e1 Boca,<\/li>\n<li style=\"text-align: justify;\">\u010certovica,<\/li>\n<li style=\"text-align: justify;\">Bac\u00fa\u0161ske sedlo and Bac\u00fa\u0161ska dolina,<\/li>\n<li style=\"text-align: justify;\">Rovn\u00e1 ho\u013ea,<\/li>\n<li style=\"text-align: justify;\">Chopok,<\/li>\n<li style=\"text-align: justify;\">Kr\u00e1\u013eova ho\u013ea,<\/li>\n<li style=\"text-align: justify;\">Pekn\u00e1 vyhliadka,<\/li>\n<li style=\"text-align: justify;\">Konsk\u00fd gr\u00fa\u0148.<\/li>\n<\/ul>\n<p style=\"text-align: justify;\">You can easily plan your trip on a tourist map, find by clicking here (<a href=\"https:\/\/mapy.hiking.sk\/?ref=navigator\">TU<\/a>).<\/p>\n<p style=\"text-align: justify;\"><strong>In addition to the picturesque countryside, <\/strong><strong>the nearby swimming pools and wellness will allow you to <\/strong><strong>relax your body and soul:<br \/>\n<\/strong><\/p>\n<ul style=\"text-align: justify;\">\n<li style=\"text-align: justify;\">GinoParadise Be\u0161e\u0148ov\u00e1 47,7 km,<\/li>\n<li style=\"text-align: justify;\">Aquapark Tatralandia 37,2 km,<\/li>\n<li style=\"text-align: justify;\">Aquacity Poprad 58,6 km,<\/li>\n<li style=\"text-align: justify;\">Hotel Permon in Podbansk\u00e9 37.2 km,<\/li>\n<li style=\"text-align: justify;\">thermal and natural swimming pool M\u00c1J in Liptovsk\u00fd J\u00e1n 27.5 km.<\/li>\n<\/ul>\n<p style=\"text-align: justify;\"><strong>We also recommend not forgetting the unforgettable moments of our Mother Nature (caves):<\/strong><\/p>\n<ul style=\"text-align: justify;\">\n<li style=\"text-align: justify;\">Dem\u00e4novsk\u00e1 jasky\u0148a slobody (cave) 41 km,<\/li>\n<li style=\"text-align: justify;\">Dem\u00e4novsk\u00e1 \u013eadov\u00e1 jasky\u0148a (cave) 38,9 km,<\/li>\n<li style=\"text-align: justify;\">Bystrianska jasky\u0148a (cave) 21,5 km,<\/li>\n<li style=\"text-align: justify;\">Jasky\u0148a m\u0155tvych netopierov (cave) 31 km.<\/li>\n<\/ul>\n<p style=\"text-align: justify;\"><strong>The local restaurants offer a selection of traditional Slovak dishes and beverages that make the body and mind happy:<\/strong><\/p>\n<ul>\n<li style=\"text-align: justify;\">Hotel Barbora (Vy\u0161n\u00e1 Boca),<\/li>\n<li style=\"text-align: justify;\">Re\u0161taur\u00e1cia Koliba (Liptovsk\u00fd Hr\u00e1dok),<\/li>\n<li style=\"text-align: justify;\">LH Point (Liptovsk\u00fd Hr\u00e1dok),<\/li>\n<li style=\"text-align: justify;\">Caf\u00e9 Exclusive (Liptovsk\u00fd Hr\u00e1dok),<\/li>\n<li style=\"text-align: justify;\">Re\u0161taur\u00e1cia u Magdal\u00e9ny Zai (Liptovsk\u00fd Hr\u00e1dok),<\/li>\n<li style=\"text-align: justify;\">Koliba U starej matere (Nemeck\u00e1).<\/li>\n<\/ul>\n<p>[\/vc_column_text][\/vc_column][\/vc_row][vc_row][vc_column][vc_empty_space][\/vc_column][\/vc_row]<\/p>\n","protected":false},"excerpt":{"rendered":"<p>[vc_row row_content_width=&#8221;grid&#8221; content_text_aligment=&#8221;center&#8221;][vc_column][vc_empty_space height=&#8221;20px&#8221;][vc_column_text] The small mining mountain village Vy\u0161n\u00e1 Boca is a picturesque village, almost exclusively consisting of [&hellip;]<\/p>\n","protected":false},"author":1,"featured_media":0,"parent":0,"menu_order":0,"comment_status":"closed","ping_status":"closed","template":"full-width.php","meta":{"footnotes":""},"_links":{"self":[{"href":"https:\/\/bocanskechalupky.sk\/en\/wp-json\/wp\/v2\/pages\/5556\/"}],"collection":[{"href":"https:\/\/bocanskechalupky.sk\/en\/wp-json\/wp\/v2\/pages\/"}],"about":[{"href":"https:\/\/bocanskechalupky.sk\/en\/wp-json\/wp\/v2\/types\/page\/"}],"author":[{"embeddable":true,"href":"https:\/\/bocanskechalupky.sk\/en\/wp-json\/wp\/v2\/users\/1\/"}],"replies":[{"embeddable":true,"href":"https:\/\/bocanskechalupky.sk\/en\/wp-json\/wp\/v2\/comments\/?post=5556"}],"version-history":[{"count":7,"href":"https:\/\/bocanskechalupky.sk\/en\/wp-json\/wp\/v2\/pages\/5556\/revisions\/"}],"predecessor-version":[{"id":5660,"href":"https:\/\/bocanskechalupky.sk\/en\/wp-json\/wp\/v2\/pages\/5556\/revisions\/5660\/"}],"wp:attachment":[{"href":"https:\/\/bocanskechalupky.sk\/en\/wp-json\/wp\/v2\/media\/?parent=5556"}],"curies":[{"name":"wp","href":"https:\/\/api.w.org\/{rel}","templated":true}]}}